{"id":42,"date":"2016-08-17T15:11:32","date_gmt":"2016-08-17T15:11:32","guid":{"rendered":"http:\/\/www.fedmedcba.org.ar\/?page_id=42"},"modified":"2024-04-15T15:23:10","modified_gmt":"2024-04-15T15:23:10","slug":"seguros","status":"publish","type":"page","link":"https:\/\/www.fedmedcba.org.ar\/index.php\/seguros\/","title":{"rendered":"Seguros"},"content":{"rendered":"\t\t<div data-elementor-type=\"wp-page\" data-elementor-id=\"42\" class=\"elementor elementor-42\">\n\t\t\t\t\t\t\t\t\t<section class=\"elementor-section elementor-top-section elementor-element elementor-element-5dc12c9b old-section elementor-section-boxed elementor-section-height-default elementor-section-height-default\" data-id=\"5dc12c9b\" data-element_type=\"section\" id=\"old-section\">\n\t\t\t\t\t\t<div class=\"elementor-container elementor-column-gap-default\">\n\t\t\t\t\t<div class=\"elementor-column elementor-col-100 elementor-top-column elementor-element elementor-element-3cd71c07\" data-id=\"3cd71c07\" data-element_type=\"column\">\n\t\t\t<div class=\"elementor-widget-wrap elementor-element-populated\">\n\t\t\t\t\t\t\t\t<div class=\"elementor-element elementor-element-6c7685fa elementor-widget elementor-widget-image\" data-id=\"6c7685fa\" data-element_type=\"widget\" data-widget_type=\"image.default\">\n\t\t\t\t<div class=\"elementor-widget-container\">\n\t\t\t<style>\/*! elementor - v3.7.4 - 31-08-2022 *\/\n.elementor-widget-image{text-align:center}.elementor-widget-image a{display:inline-block}.elementor-widget-image a img[src$=\".svg\"]{width:48px}.elementor-widget-image img{vertical-align:middle;display:inline-block}<\/style>\t\t\t\t\t\t\t\t\t\t\t\t\t<a href=\"https:\/\/www.asesoresmadero.com\/\" target=\"_blank\">\n\t\t\t\t\t\t\t<img src=\"https:\/\/cdn.bitrix24.com\/b9468565\/landing\/723\/723c202e4bc051e67ff207b29dafeb7b\/Copia_de_Logo-madero-FB_1x.png\" title=\"\" alt=\"logo Madero\" \/>\t\t\t\t\t\t\t\t<\/a>\n\t\t\t\t\t\t\t\t\t\t\t\t\t\t\t<\/div>\n\t\t\t\t<\/div>\n\t\t\t\t<div class=\"elementor-element elementor-element-41ccb2e5 elementor-widget elementor-widget-heading\" data-id=\"41ccb2e5\" data-element_type=\"widget\" data-widget_type=\"heading.default\">\n\t\t\t\t<div class=\"elementor-widget-container\">\n\t\t\t<style>\/*! elementor - v3.7.4 - 31-08-2022 *\/\n.elementor-heading-title{padding:0;margin:0;line-height:1}.elementor-widget-heading .elementor-heading-title[class*=elementor-size-]>a{color:inherit;font-size:inherit;line-height:inherit}.elementor-widget-heading .elementor-heading-title.elementor-size-small{font-size:15px}.elementor-widget-heading .elementor-heading-title.elementor-size-medium{font-size:19px}.elementor-widget-heading .elementor-heading-title.elementor-size-large{font-size:29px}.elementor-widget-heading .elementor-heading-title.elementor-size-xl{font-size:39px}.elementor-widget-heading .elementor-heading-title.elementor-size-xxl{font-size:59px}<\/style><h4 class=\"elementor-heading-title elementor-size-default\">Madero Asesores de Seguros<\/h4>\t\t<\/div>\n\t\t\t\t<\/div>\n\t\t\t\t<div class=\"elementor-element elementor-element-39092eb3 elementor-widget elementor-widget-text-editor\" data-id=\"39092eb3\" data-element_type=\"widget\" data-widget_type=\"text-editor.default\">\n\t\t\t\t<div class=\"elementor-widget-container\">\n\t\t\t<style>\/*! elementor - v3.7.4 - 31-08-2022 *\/\n.elementor-widget-text-editor.elementor-drop-cap-view-stacked .elementor-drop-cap{background-color:#818a91;color:#fff}.elementor-widget-text-editor.elementor-drop-cap-view-framed .elementor-drop-cap{color:#818a91;border:3px solid;background-color:transparent}.elementor-widget-text-editor:not(.elementor-drop-cap-view-default) .elementor-drop-cap{margin-top:8px}.elementor-widget-text-editor:not(.elementor-drop-cap-view-default) .elementor-drop-cap-letter{width:1em;height:1em}.elementor-widget-text-editor .elementor-drop-cap{float:left;text-align:center;line-height:1;font-size:50px}.elementor-widget-text-editor .elementor-drop-cap-letter{display:inline-block}<\/style>\t\t\t\t<p><span style=\"color: #333333; font-family: 'Open Sans'; font-style: normal; font-weight: 400; text-align: left;\">Con m\u00e1s de 30 a\u00f1os de trayectoria el equipo de Madero es reconocido por brindar los m\u00e1s altos est\u00e1ndares de prevenci\u00f3n y administraci\u00f3n personalizada, nos transformamos en aliados estrat\u00e9gicos de nuestros clientes gracias a nuestro expertise en la administraci\u00f3n de reclamos, contacto permanente y defensa ante litigios.<\/span><\/p>\t\t\t\t\t\t<\/div>\n\t\t\t\t<\/div>\n\t\t\t\t<section class=\"elementor-section elementor-inner-section elementor-element elementor-element-3b60ee5c elementor-section-boxed elementor-section-height-default elementor-section-height-default\" data-id=\"3b60ee5c\" data-element_type=\"section\">\n\t\t\t\t\t\t<div class=\"elementor-container elementor-column-gap-default\">\n\t\t\t\t\t<div class=\"elementor-column elementor-col-50 elementor-inner-column elementor-element elementor-element-58a66b1c\" data-id=\"58a66b1c\" data-element_type=\"column\">\n\t\t\t<div class=\"elementor-widget-wrap elementor-element-populated\">\n\t\t\t\t\t\t\t\t<div class=\"elementor-element elementor-element-7dcf91d8 elementor-widget elementor-widget-text-editor\" data-id=\"7dcf91d8\" data-element_type=\"widget\" data-widget_type=\"text-editor.default\">\n\t\t\t\t<div class=\"elementor-widget-container\">\n\t\t\t\t\t\t\t<h1><span style=\"color: #ff6600;\">POR QU\u00c9 ELEGIRNOS<\/span><\/h1><p>Le brindamos a trav\u00e9s de una \u00f3ptima atenci\u00f3n post-venta asesoramiento permanente y continuo sobre aspectos que afectan el patrimonio de nuestros clientes, principalmente por <span style=\"text-decoration: underline;\"><span style=\"color: #000000;\"><strong>mala praxis<\/strong><\/span><\/span> y <span style=\"text-decoration: underline;\"><span style=\"color: #000000;\"><strong>responsabilidad civil<\/strong><\/span><\/span>, con el fin de reducir costos en los servicios y productos que brindamos. Trabajamos con un pool de compa\u00f1\u00edas aseguradoras y empresas l\u00edderes en el mercado local e internacional, las cuales han sido certificadas a fin de transmitir los mismos valores que nuestra compa\u00f1\u00eda establece como est\u00e1ndar para nuestros clientes.\u00a0<\/p>\t\t\t\t\t\t<\/div>\n\t\t\t\t<\/div>\n\t\t\t\t\t<\/div>\n\t\t<\/div>\n\t\t\t\t<div class=\"elementor-column elementor-col-50 elementor-inner-column elementor-element elementor-element-4d23dad3\" data-id=\"4d23dad3\" data-element_type=\"column\">\n\t\t\t<div class=\"elementor-widget-wrap elementor-element-populated\">\n\t\t\t\t\t\t\t\t<div class=\"elementor-element elementor-element-69dc5f8f elementor-widget elementor-widget-text-editor\" data-id=\"69dc5f8f\" data-element_type=\"widget\" data-widget_type=\"text-editor.default\">\n\t\t\t\t<div class=\"elementor-widget-container\">\n\t\t\t\t\t\t\t<h1><span style=\"color: #000000;\">CONT\u00c1CTENOS\u00a0<\/span><\/h1><p>\u2709<a href=\"mailto:pcastell@asesoresmadero.com\">pcastell@asesoresmadero.com<\/a>\u00a0<\/p><p>\ud83d\udcde <span style=\"color: #000000;\">351-7592900<\/span><\/p>\t\t\t\t\t\t<\/div>\n\t\t\t\t<\/div>\n\t\t\t\t\t<\/div>\n\t\t<\/div>\n\t\t\t\t\t\t\t<\/div>\n\t\t<\/section>\n\t\t\t\t\t<\/div>\n\t\t<\/div>\n\t\t\t\t\t\t\t<\/div>\n\t\t<\/section>\n\t\t\t\t<section class=\"elementor-section elementor-top-section elementor-element elementor-element-23f3d32 old-section elementor-section-boxed elementor-section-height-default elementor-section-height-default\" data-id=\"23f3d32\" data-element_type=\"section\" id=\"old-section\">\n\t\t\t\t\t\t<div class=\"elementor-container elementor-column-gap-default\">\n\t\t\t\t\t<div class=\"elementor-column elementor-col-50 elementor-top-column elementor-element elementor-element-f4f496c\" data-id=\"f4f496c\" data-element_type=\"column\">\n\t\t\t<div class=\"elementor-widget-wrap elementor-element-populated\">\n\t\t\t\t\t\t\t\t<div class=\"elementor-element elementor-element-6d05ce5 elementor-widget elementor-widget-heading\" data-id=\"6d05ce5\" data-element_type=\"widget\" data-widget_type=\"heading.default\">\n\t\t\t\t<div class=\"elementor-widget-container\">\n\t\t\t<h2 class=\"elementor-heading-title elementor-size-default\">RESPONSABILIDAD CIVIL PROFESIONAL\nPRAXIS M\u00c9DICA<\/h2>\t\t<\/div>\n\t\t\t\t<\/div>\n\t\t\t\t<div class=\"elementor-element elementor-element-76871d7 elementor-widget elementor-widget-text-editor\" data-id=\"76871d7\" data-element_type=\"widget\" data-widget_type=\"text-editor.default\">\n\t\t\t\t<div class=\"elementor-widget-container\">\n\t\t\t\t\t\t\t<p style=\"text-align: left;\"><span style=\"color: #00ccff;\"><strong>CONCEPTO<\/strong><\/span><br \/>Esta cobertura de Responsabilidad Civil Profesional est\u00e1 destinada a amparar a profesionales de la salud e Instituciones por reclamos de terceros fundados en errores, fallas o negligencias en actos m\u00e9dicos durante el desempe\u00f1o de su actividad.<br \/>La p\u00f3liza de SMG Seguros contempla el siguiente alcance en la prestaci\u00f3n:<br \/>. Asistencia M\u00e9dico Legal por situaciones derivadas de hechos m\u00e9dicos.<br \/>.Indemnizaci\u00f3n por transacciones extrajudiciales realizadas por el Asegurador para resistir las pretensiones de damnificados y\/o sus derechohabientes.<br \/>. Indemnizaci\u00f3n por condena en juicios del \u00e1mbito civil.<br \/>. Asistencia en mediaciones y tribunales \u00e9ticos por cuestionamientos en el desempe\u00f1o profesional (imputaci\u00f3n de mala praxis m\u00e9dica).<br \/><span style=\"color: #00ccff;\"><strong>COBERTURAS<\/strong><\/span><br \/>. M\u00e9dicos y otros profesionales de la salud en forma individual o colectiva.<br \/>. Centros m\u00e9dicos ambulatorios y Policonsultorios.<br \/>. Cl\u00ednicas y Sanatorios con internaci\u00f3n.<br \/>Las p\u00f3lizas para cl\u00ednicas incluyen adem\u00e1s la cobertura de Responsabilidad Civil Comprensiva.<\/p><p>Para m\u00e1s informaci\u00f3n\u00a0<a style=\"text-align: left; background-color: #ffffff;\" href=\"https:\/\/drive.google.com\/file\/d\/1IphWgbM5P6pXdtCDCGa976qFLkIBOzBt\/view?usp=sharing\" target=\"_blank\" rel=\"noopener\">ManualDeProductoSeguroPraxisM\u00e9dica<\/a><\/p>\t\t\t\t\t\t<\/div>\n\t\t\t\t<\/div>\n\t\t\t\t\t<\/div>\n\t\t<\/div>\n\t\t\t\t<div class=\"elementor-column elementor-col-50 elementor-top-column elementor-element elementor-element-2688308\" data-id=\"2688308\" data-element_type=\"column\">\n\t\t\t<div class=\"elementor-widget-wrap elementor-element-populated\">\n\t\t\t\t\t\t\t\t<div class=\"elementor-element elementor-element-9396d36 elementor-widget elementor-widget-image\" data-id=\"9396d36\" data-element_type=\"widget\" data-widget_type=\"image.default\">\n\t\t\t\t<div class=\"elementor-widget-container\">\n\t\t\t\t\t\t\t\t\t\t\t\t\t\t\t<img width=\"439\" height=\"869\" src=\"https:\/\/www.fedmedcba.org.ar\/wp-content\/uploads\/2022-09-12-1.png\" class=\"attachment-large size-large\" alt=\"\" loading=\"lazy\" srcset=\"https:\/\/www.fedmedcba.org.ar\/wp-content\/uploads\/2022-09-12-1.png 439w, https:\/\/www.fedmedcba.org.ar\/wp-content\/uploads\/2022-09-12-1-152x300.png 152w\" sizes=\"(max-width: 439px) 100vw, 439px\" \/>\t\t\t\t\t\t\t\t\t\t\t\t\t\t\t<\/div>\n\t\t\t\t<\/div>\n\t\t\t\t\t<\/div>\n\t\t<\/div>\n\t\t\t\t\t\t\t<\/div>\n\t\t<\/section>\n\t\t\t\t<section class=\"elementor-section elementor-top-section elementor-element elementor-element-f33d0b8 old-section elementor-section-boxed elementor-section-height-default elementor-section-height-default\" data-id=\"f33d0b8\" data-element_type=\"section\" id=\"old-section\">\n\t\t\t\t\t\t<div class=\"elementor-container elementor-column-gap-default\">\n\t\t\t\t\t<div class=\"elementor-column elementor-col-100 elementor-top-column elementor-element elementor-element-55ce0d2\" data-id=\"55ce0d2\" data-element_type=\"column\">\n\t\t\t<div class=\"elementor-widget-wrap elementor-element-populated\">\n\t\t\t\t\t\t\t\t<div class=\"elementor-element elementor-element-58e9170 elementor-widget elementor-widget-image\" data-id=\"58e9170\" data-element_type=\"widget\" data-widget_type=\"image.default\">\n\t\t\t\t<div class=\"elementor-widget-container\">\n\t\t\t\t\t\t\t\t\t\t\t\t\t\t\t<img width=\"1293\" height=\"785\" src=\"https:\/\/www.fedmedcba.org.ar\/wp-content\/uploads\/2022-09-12.png\" class=\"attachment-full size-full\" alt=\"\" loading=\"lazy\" srcset=\"https:\/\/www.fedmedcba.org.ar\/wp-content\/uploads\/2022-09-12.png 1293w, https:\/\/www.fedmedcba.org.ar\/wp-content\/uploads\/2022-09-12-300x182.png 300w, https:\/\/www.fedmedcba.org.ar\/wp-content\/uploads\/2022-09-12-1024x622.png 1024w, https:\/\/www.fedmedcba.org.ar\/wp-content\/uploads\/2022-09-12-768x466.png 768w\" sizes=\"(max-width: 1293px) 100vw, 1293px\" \/>\t\t\t\t\t\t\t\t\t\t\t\t\t\t\t<\/div>\n\t\t\t\t<\/div>\n\t\t\t\t\t<\/div>\n\t\t<\/div>\n\t\t\t\t\t\t\t<\/div>\n\t\t<\/section>\n\t\t\t\t<section class=\"elementor-section elementor-top-section elementor-element elementor-element-3a084eb1 elementor-section-content-middle old-section elementor-section-boxed elementor-section-height-default elementor-section-height-default\" data-id=\"3a084eb1\" data-element_type=\"section\" id=\"old-section\">\n\t\t\t\t\t\t<div class=\"elementor-container elementor-column-gap-no\">\n\t\t\t\t\t<div class=\"elementor-column elementor-col-100 elementor-top-column elementor-element elementor-element-bfa00d\" data-id=\"bfa00d\" data-element_type=\"column\">\n\t\t\t<div class=\"elementor-widget-wrap elementor-element-populated\">\n\t\t\t\t\t\t\t\t<div class=\"elementor-element elementor-element-2ae0af59 elementor-widget elementor-widget-heading\" data-id=\"2ae0af59\" data-element_type=\"widget\" data-widget_type=\"heading.default\">\n\t\t\t\t<div class=\"elementor-widget-container\">\n\t\t\t<h4 class=\"elementor-heading-title elementor-size-default\">Opiniones<\/h4>\t\t<\/div>\n\t\t\t\t<\/div>\n\t\t\t\t<section class=\"elementor-section elementor-inner-section elementor-element elementor-element-6d28479b elementor-section-boxed elementor-section-height-default elementor-section-height-default\" data-id=\"6d28479b\" data-element_type=\"section\">\n\t\t\t\t\t\t<div class=\"elementor-container elementor-column-gap-default\">\n\t\t\t\t\t<div class=\"elementor-column elementor-col-33 elementor-inner-column elementor-element elementor-element-7cca16f7\" data-id=\"7cca16f7\" data-element_type=\"column\">\n\t\t\t<div class=\"elementor-widget-wrap elementor-element-populated\">\n\t\t\t\t\t\t\t\t<div class=\"elementor-element elementor-element-533b7b15 elementor-widget elementor-widget-testimonial\" data-id=\"533b7b15\" data-element_type=\"widget\" data-widget_type=\"testimonial.default\">\n\t\t\t\t<div class=\"elementor-widget-container\">\n\t\t\t<style>\/*! elementor - v3.7.4 - 31-08-2022 *\/\n.elementor-testimonial-wrapper{overflow:hidden;text-align:center}.elementor-testimonial-wrapper .elementor-testimonial-content{font-size:1.3em;margin-bottom:20px}.elementor-testimonial-wrapper .elementor-testimonial-name{line-height:1.5;display:block}.elementor-testimonial-wrapper .elementor-testimonial-job{font-size:.85em;display:block}.elementor-testimonial-wrapper .elementor-testimonial-meta{width:100%;line-height:1}.elementor-testimonial-wrapper .elementor-testimonial-meta-inner{display:inline-block}.elementor-testimonial-wrapper .elementor-testimonial-meta .elementor-testimonial-details,.elementor-testimonial-wrapper .elementor-testimonial-meta .elementor-testimonial-image{display:table-cell;vertical-align:middle}.elementor-testimonial-wrapper .elementor-testimonial-meta .elementor-testimonial-image img{width:60px;height:60px;border-radius:50%;-o-object-fit:cover;object-fit:cover;max-width:none}.elementor-testimonial-wrapper .elementor-testimonial-meta.elementor-testimonial-image-position-aside .elementor-testimonial-image{padding-right:15px}.elementor-testimonial-wrapper .elementor-testimonial-meta.elementor-testimonial-image-position-aside .elementor-testimonial-details{text-align:left}.elementor-testimonial-wrapper .elementor-testimonial-meta.elementor-testimonial-image-position-top .elementor-testimonial-details,.elementor-testimonial-wrapper .elementor-testimonial-meta.elementor-testimonial-image-position-top .elementor-testimonial-image{display:block}.elementor-testimonial-wrapper .elementor-testimonial-meta.elementor-testimonial-image-position-top .elementor-testimonial-image{margin-bottom:20px}<\/style>\t\t<div class=\"elementor-testimonial-wrapper\">\n\t\t\t\t\t\t\t<div class=\"elementor-testimonial-content\">Excelente atenci\u00f3n del personal, siempre atentos y con buenas iniciativas!!<br>\n\u2b50\u2b50\u2b50\u2b50\u2b50<\/div>\n\t\t\t\n\t\t\t\t\t\t<div class=\"elementor-testimonial-meta elementor-has-image elementor-testimonial-image-position-aside\">\n\t\t\t\t<div class=\"elementor-testimonial-meta-inner\">\n\t\t\t\t\t\t\t\t\t\t\t<div class=\"elementor-testimonial-image\">\n\t\t\t\t\t\t\t<img width=\"400\" height=\"400\" src=\"https:\/\/www.fedmedcba.org.ar\/wp-content\/uploads\/ava4.png\" class=\"attachment-full size-full\" alt=\"\" loading=\"lazy\" \/>\t\t\t\t\t\t<\/div>\n\t\t\t\t\t\n\t\t\t\t\t\t\t\t\t\t<div class=\"elementor-testimonial-details\">\n\t\t\t\t\t\t\t\t\t\t\t\t\t\t<div class=\"elementor-testimonial-name\">Marcelo Gabino Pani<\/div>\n\t\t\t\t\t\t\t\t\t\t\t\t\t\t\t\t\t\t\t\t\t\t<div class=\"elementor-testimonial-job\">Cliente<\/div>\n\t\t\t\t\t\t\t\t\t\t\t\t\t<\/div>\n\t\t\t\t\t\t\t\t\t<\/div>\n\t\t\t<\/div>\n\t\t\t\t\t<\/div>\n\t\t\t\t<\/div>\n\t\t\t\t<\/div>\n\t\t\t\t\t<\/div>\n\t\t<\/div>\n\t\t\t\t<div class=\"elementor-column elementor-col-33 elementor-inner-column elementor-element elementor-element-34384607\" data-id=\"34384607\" data-element_type=\"column\">\n\t\t\t<div class=\"elementor-widget-wrap elementor-element-populated\">\n\t\t\t\t\t\t\t\t<div class=\"elementor-element elementor-element-22167794 elementor-widget elementor-widget-testimonial\" data-id=\"22167794\" data-element_type=\"widget\" data-widget_type=\"testimonial.default\">\n\t\t\t\t<div class=\"elementor-widget-container\">\n\t\t\t\t\t<div class=\"elementor-testimonial-wrapper\">\n\t\t\t\t\t\t\t<div class=\"elementor-testimonial-content\">Recomendable Grupo Madero, lo que se hab\u00eda pactado a principio logr\u00f3 cumplirse.<br><img draggable=\"false\" role=\"img\" class=\"emoji\" alt=\"\u2b50\" src=\"https:\/\/s.w.org\/images\/core\/emoji\/14.0.0\/svg\/2b50.svg\"><img draggable=\"false\" role=\"img\" class=\"emoji\" alt=\"\u2b50\" src=\"https:\/\/s.w.org\/images\/core\/emoji\/14.0.0\/svg\/2b50.svg\"><img draggable=\"false\" role=\"img\" class=\"emoji\" alt=\"\u2b50\" src=\"https:\/\/s.w.org\/images\/core\/emoji\/14.0.0\/svg\/2b50.svg\"><img draggable=\"false\" role=\"img\" class=\"emoji\" alt=\"\u2b50\" src=\"https:\/\/s.w.org\/images\/core\/emoji\/14.0.0\/svg\/2b50.svg\"><\/div>\n\t\t\t\n\t\t\t\t\t\t<div class=\"elementor-testimonial-meta elementor-has-image elementor-testimonial-image-position-aside\">\n\t\t\t\t<div class=\"elementor-testimonial-meta-inner\">\n\t\t\t\t\t\t\t\t\t\t\t<div class=\"elementor-testimonial-image\">\n\t\t\t\t\t\t\t<img width=\"400\" height=\"400\" src=\"https:\/\/www.fedmedcba.org.ar\/wp-content\/uploads\/y9.png\" class=\"attachment-full size-full\" alt=\"\" loading=\"lazy\" \/>\t\t\t\t\t\t<\/div>\n\t\t\t\t\t\n\t\t\t\t\t\t\t\t\t\t<div class=\"elementor-testimonial-details\">\n\t\t\t\t\t\t\t\t\t\t\t\t\t\t<div class=\"elementor-testimonial-name\">Micaela Salgado<\/div>\n\t\t\t\t\t\t\t\t\t\t\t\t\t\t\t\t\t\t\t\t\t\t<div class=\"elementor-testimonial-job\">Cliente<\/div>\n\t\t\t\t\t\t\t\t\t\t\t\t\t<\/div>\n\t\t\t\t\t\t\t\t\t<\/div>\n\t\t\t<\/div>\n\t\t\t\t\t<\/div>\n\t\t\t\t<\/div>\n\t\t\t\t<\/div>\n\t\t\t\t\t<\/div>\n\t\t<\/div>\n\t\t\t\t<div class=\"elementor-column elementor-col-33 elementor-inner-column elementor-element elementor-element-4a86f38\" data-id=\"4a86f38\" data-element_type=\"column\">\n\t\t\t<div class=\"elementor-widget-wrap elementor-element-populated\">\n\t\t\t\t\t\t\t\t<div class=\"elementor-element elementor-element-2408e5eb elementor-widget elementor-widget-testimonial\" data-id=\"2408e5eb\" data-element_type=\"widget\" data-widget_type=\"testimonial.default\">\n\t\t\t\t<div class=\"elementor-widget-container\">\n\t\t\t\t\t<div class=\"elementor-testimonial-wrapper\">\n\t\t\t\t\t\t\t<div class=\"elementor-testimonial-content\">La atenci\u00f3n y la forma en la que trabajan no me hacen dudar en consultar de nuevo por alg\u00fan otro problema.<br><img draggable=\"false\" role=\"img\" class=\"emoji\" alt=\"\u2b50\" src=\"https:\/\/s.w.org\/images\/core\/emoji\/14.0.0\/svg\/2b50.svg\"><img draggable=\"false\" role=\"img\" class=\"emoji\" alt=\"\u2b50\" src=\"https:\/\/s.w.org\/images\/core\/emoji\/14.0.0\/svg\/2b50.svg\"><img draggable=\"false\" role=\"img\" class=\"emoji\" alt=\"\u2b50\" src=\"https:\/\/s.w.org\/images\/core\/emoji\/14.0.0\/svg\/2b50.svg\"><img draggable=\"false\" role=\"img\" class=\"emoji\" alt=\"\u2b50\" src=\"https:\/\/s.w.org\/images\/core\/emoji\/14.0.0\/svg\/2b50.svg\"><img draggable=\"false\" role=\"img\" class=\"emoji\" alt=\"\u2b50\" src=\"https:\/\/s.w.org\/images\/core\/emoji\/14.0.0\/svg\/2b50.svg\"><\/div>\n\t\t\t\n\t\t\t\t\t\t<div class=\"elementor-testimonial-meta elementor-has-image elementor-testimonial-image-position-aside\">\n\t\t\t\t<div class=\"elementor-testimonial-meta-inner\">\n\t\t\t\t\t\t\t\t\t\t\t<div class=\"elementor-testimonial-image\">\n\t\t\t\t\t\t\t<img width=\"400\" height=\"400\" src=\"https:\/\/www.fedmedcba.org.ar\/wp-content\/uploads\/ava2.png\" class=\"attachment-full size-full\" alt=\"\" loading=\"lazy\" \/>\t\t\t\t\t\t<\/div>\n\t\t\t\t\t\n\t\t\t\t\t\t\t\t\t\t<div class=\"elementor-testimonial-details\">\n\t\t\t\t\t\t\t\t\t\t\t\t\t\t<div class=\"elementor-testimonial-name\">Iv\u00e1n Gerber<\/div>\n\t\t\t\t\t\t\t\t\t\t\t\t\t\t\t\t\t\t\t\t\t\t<div class=\"elementor-testimonial-job\">Cliente<\/div>\n\t\t\t\t\t\t\t\t\t\t\t\t\t<\/div>\n\t\t\t\t\t\t\t\t\t<\/div>\n\t\t\t<\/div>\n\t\t\t\t\t<\/div>\n\t\t\t\t<\/div>\n\t\t\t\t<\/div>\n\t\t\t\t\t<\/div>\n\t\t<\/div>\n\t\t\t\t\t\t\t<\/div>\n\t\t<\/section>\n\t\t\t\t\t<\/div>\n\t\t<\/div>\n\t\t\t\t\t\t\t<\/div>\n\t\t<\/section>\n\t\t\t\t<section class=\"elementor-section elementor-top-section elementor-element elementor-element-004f9f4 elementor-section-boxed elementor-section-height-default elementor-section-height-default\" data-id=\"004f9f4\" data-element_type=\"section\">\n\t\t\t\t\t\t<div class=\"elementor-container elementor-column-gap-default\">\n\t\t\t\t\t<div class=\"elementor-column elementor-col-100 elementor-top-column elementor-element elementor-element-fd647aa\" data-id=\"fd647aa\" data-element_type=\"column\">\n\t\t\t<div class=\"elementor-widget-wrap elementor-element-populated\">\n\t\t\t\t\t\t\t\t<div class=\"elementor-element elementor-element-284d536 elementor-widget elementor-widget-html\" data-id=\"284d536\" data-element_type=\"widget\" data-widget_type=\"html.default\">\n\t\t\t\t<div class=\"elementor-widget-container\">\n\t\t\t<iframe id=\"if\" src=\"https:\/\/b24-01f549.bitrix24.site\/\" frameborder=\"0\" scrolling=\"yes\" seamless=\"seamless\" style=\"display:block; width:100%; height:5230px;\">\r\n<\/iframe>\r\n<script>function resizeIframe(obj) {\r\n    obj.style.height = obj.contentWindow.document.body.scrollHeight + 'px';\r\n  }\r\n<\/script>\t\t<\/div>\n\t\t\t\t<\/div>\n\t\t\t\t\t<\/div>\n\t\t<\/div>\n\t\t\t\t\t\t\t<\/div>\n\t\t<\/section>\n\t\t\t\t\t\t\t<\/div>\n\t\t","protected":false},"excerpt":{"rendered":"<p>Madero Asesores de Seguros Con m\u00e1s de 30 a\u00f1os de trayectoria el equipo de Madero es reconocido por brindar los m\u00e1s altos est\u00e1ndares de prevenci\u00f3n y administraci\u00f3n personalizada, nos transformamos en aliados estrat\u00e9gicos de nuestros clientes gracias a nuestro expertise en la administraci\u00f3n de reclamos, contacto permanente y defensa ante litigios. POR QU\u00c9 ELEGIRNOS Le<a href=\"https:\/\/www.fedmedcba.org.ar\/index.php\/seguros\/\">[&#8230;]<\/a><\/p>\n","protected":false},"author":1,"featured_media":0,"parent":0,"menu_order":0,"comment_status":"closed","ping_status":"closed","template":"","meta":[],"_links":{"self":[{"href":"https:\/\/www.fedmedcba.org.ar\/index.php\/wp-json\/wp\/v2\/pages\/42"}],"collection":[{"href":"https:\/\/www.fedmedcba.org.ar\/index.php\/wp-json\/wp\/v2\/pages"}],"about":[{"href":"https:\/\/www.fedmedcba.org.ar\/index.php\/wp-json\/wp\/v2\/types\/page"}],"author":[{"embeddable":true,"href":"https:\/\/www.fedmedcba.org.ar\/index.php\/wp-json\/wp\/v2\/users\/1"}],"replies":[{"embeddable":true,"href":"https:\/\/www.fedmedcba.org.ar\/index.php\/wp-json\/wp\/v2\/comments?post=42"}],"version-history":[{"count":49,"href":"https:\/\/www.fedmedcba.org.ar\/index.php\/wp-json\/wp\/v2\/pages\/42\/revisions"}],"predecessor-version":[{"id":1092,"href":"https:\/\/www.fedmedcba.org.ar\/index.php\/wp-json\/wp\/v2\/pages\/42\/revisions\/1092"}],"wp:attachment":[{"href":"https:\/\/www.fedmedcba.org.ar\/index.php\/wp-json\/wp\/v2\/media?parent=42"}],"curies":[{"name":"wp","href":"https:\/\/api.w.org\/{rel}","templated":true}]}}