{"id":974,"date":"2023-07-07T19:01:13","date_gmt":"2023-07-07T19:01:13","guid":{"rendered":"http:\/\/www.fedmedcba.org.ar\/?page_id=974"},"modified":"2024-03-12T13:24:51","modified_gmt":"2024-03-12T13:24:51","slug":"beneficios-de-afiliados","status":"publish","type":"page","link":"https:\/\/www.fedmedcba.org.ar\/index.php\/beneficios-de-afiliados\/","title":{"rendered":"Beneficios de afiliados"},"content":{"rendered":"\t\t<div data-elementor-type=\"wp-page\" data-elementor-id=\"974\" class=\"elementor elementor-974\">\n\t\t\t\t\t\t\t\t\t<section class=\"elementor-section elementor-top-section elementor-element elementor-element-559a5532 elementor-section-boxed elementor-section-height-default elementor-section-height-default\" data-id=\"559a5532\" data-element_type=\"section\">\n\t\t\t\t\t\t<div class=\"elementor-container elementor-column-gap-default\">\n\t\t\t\t\t<div class=\"elementor-column elementor-col-100 elementor-top-column elementor-element elementor-element-5575cf1\" data-id=\"5575cf1\" data-element_type=\"column\">\n\t\t\t<div class=\"elementor-widget-wrap elementor-element-populated\">\n\t\t\t\t\t\t\t\t<div class=\"elementor-element elementor-element-5104c98e elementor-widget elementor-widget-text-editor\" data-id=\"5104c98e\" data-element_type=\"widget\" data-widget_type=\"text-editor.default\">\n\t\t\t\t<div class=\"elementor-widget-container\">\n\t\t\t<style>\/*! elementor - v3.7.4 - 31-08-2022 *\/\n.elementor-widget-text-editor.elementor-drop-cap-view-stacked .elementor-drop-cap{background-color:#818a91;color:#fff}.elementor-widget-text-editor.elementor-drop-cap-view-framed .elementor-drop-cap{color:#818a91;border:3px solid;background-color:transparent}.elementor-widget-text-editor:not(.elementor-drop-cap-view-default) .elementor-drop-cap{margin-top:8px}.elementor-widget-text-editor:not(.elementor-drop-cap-view-default) .elementor-drop-cap-letter{width:1em;height:1em}.elementor-widget-text-editor .elementor-drop-cap{float:left;text-align:center;line-height:1;font-size:50px}.elementor-widget-text-editor .elementor-drop-cap-letter{display:inline-block}<\/style>\t\t\t\t<p><!-- wp:heading --><\/p><h2>Convenio especial para Afiliados de la Federaci\u00f3n M\u00e9dica.<\/h2><p><!-- \/wp:heading --><\/p><p><!-- wp:heading --><\/p><h2>\u00a0<\/h2><p><!-- \/wp:heading --><\/p>\t\t\t\t\t\t<\/div>\n\t\t\t\t<\/div>\n\t\t\t\t\t<\/div>\n\t\t<\/div>\n\t\t\t\t\t\t\t<\/div>\n\t\t<\/section>\n\t\t\t\t<section class=\"elementor-section elementor-top-section elementor-element elementor-element-7bc4bf37 elementor-section-content-middle elementor-section-full_width elementor-reverse-mobile elementor-reverse-tablet elementor-section-height-default elementor-section-height-default\" data-id=\"7bc4bf37\" data-element_type=\"section\" data-settings=\"{&quot;background_background&quot;:&quot;classic&quot;}\">\n\t\t\t\t\t\t<div class=\"elementor-container elementor-column-gap-no\">\n\t\t\t\t\t<div class=\"elementor-column elementor-col-50 elementor-top-column elementor-element elementor-element-18884b81\" data-id=\"18884b81\" data-element_type=\"column\">\n\t\t\t<div class=\"elementor-widget-wrap elementor-element-populated\">\n\t\t\t\t\t\t\t\t<div class=\"elementor-element elementor-element-48707d1 elementor-widget elementor-widget-image\" data-id=\"48707d1\" data-element_type=\"widget\" data-widget_type=\"image.default\">\n\t\t\t\t<div class=\"elementor-widget-container\">\n\t\t\t<style>\/*! elementor - v3.7.4 - 31-08-2022 *\/\n.elementor-widget-image{text-align:center}.elementor-widget-image a{display:inline-block}.elementor-widget-image a img[src$=\".svg\"]{width:48px}.elementor-widget-image img{vertical-align:middle;display:inline-block}<\/style>\t\t\t\t\t\t\t\t\t\t\t\t<img src=\"http:\/\/www.lacasadelmedico.com.ar\/imagenes\/scroll_habit\/4.jpg\" title=\"\" alt=\"habitaci\u00f3n COMRA\" \/>\t\t\t\t\t\t\t\t\t\t\t\t\t\t\t<\/div>\n\t\t\t\t<\/div>\n\t\t\t\t\t<\/div>\n\t\t<\/div>\n\t\t\t\t<div class=\"elementor-column elementor-col-50 elementor-top-column elementor-element elementor-element-58686fbb\" data-id=\"58686fbb\" data-element_type=\"column\">\n\t\t\t<div class=\"elementor-widget-wrap elementor-element-populated\">\n\t\t\t\t\t\t\t\t<div class=\"elementor-element elementor-element-109f9c14 elementor-widget elementor-widget-heading\" data-id=\"109f9c14\" data-element_type=\"widget\" data-widget_type=\"heading.default\">\n\t\t\t\t<div class=\"elementor-widget-container\">\n\t\t\t<style>\/*! elementor - v3.7.4 - 31-08-2022 *\/\n.elementor-heading-title{padding:0;margin:0;line-height:1}.elementor-widget-heading .elementor-heading-title[class*=elementor-size-]>a{color:inherit;font-size:inherit;line-height:inherit}.elementor-widget-heading .elementor-heading-title.elementor-size-small{font-size:15px}.elementor-widget-heading .elementor-heading-title.elementor-size-medium{font-size:19px}.elementor-widget-heading .elementor-heading-title.elementor-size-large{font-size:29px}.elementor-widget-heading .elementor-heading-title.elementor-size-xl{font-size:39px}.elementor-widget-heading .elementor-heading-title.elementor-size-xxl{font-size:59px}<\/style><h1 class=\"elementor-heading-title elementor-size-default\">Apart Hotel COMRA<\/h1>\t\t<\/div>\n\t\t\t\t<\/div>\n\t\t\t\t<div class=\"elementor-element elementor-element-2e2c6d42 elementor-widget elementor-widget-text-editor\" data-id=\"2e2c6d42\" data-element_type=\"widget\" data-widget_type=\"text-editor.default\">\n\t\t\t\t<div class=\"elementor-widget-container\">\n\t\t\t\t\t\t\t<p>Descans\u00e1 y recuper\u00e1 como todo un profesional en la Casa del M\u00e9dico.\u00a0<\/p><p><span style=\"letter-spacing: 0px; word-spacing: 0em;\">Disfruta de nuestro convenio exclusivo en Apart Hotel COMRA en <strong>Buenos Aires<\/strong>.<\/span><\/p><p><span style=\"letter-spacing: 0px; word-spacing: 0em;\">Para m\u00e1s <a href=\"https:\/\/api.whatsapp.com\/send\/?phone=543517605515&amp;text=Escrib%C3%AD+tu+consulta+ac%C3%A1...&amp;type=phone_number&amp;app_absent=0\">info<\/a><\/span><\/p>\t\t\t\t\t\t<\/div>\n\t\t\t\t<\/div>\n\t\t\t\t\t<\/div>\n\t\t<\/div>\n\t\t\t\t\t\t\t<\/div>\n\t\t<\/section>\n\t\t\t\t<section class=\"elementor-section elementor-top-section elementor-element elementor-element-6e9fbfd5 elementor-section-content-middle elementor-section-full_width elementor-reverse-mobile elementor-reverse-tablet elementor-section-height-default elementor-section-height-default\" data-id=\"6e9fbfd5\" data-element_type=\"section\" data-settings=\"{&quot;background_background&quot;:&quot;classic&quot;}\">\n\t\t\t\t\t\t<div class=\"elementor-container elementor-column-gap-no\">\n\t\t\t\t\t<div class=\"elementor-column elementor-col-50 elementor-top-column elementor-element elementor-element-7dc2e2f8\" data-id=\"7dc2e2f8\" data-element_type=\"column\">\n\t\t\t<div class=\"elementor-widget-wrap elementor-element-populated\">\n\t\t\t\t\t\t\t\t<div class=\"elementor-element elementor-element-2196e775 elementor-widget elementor-widget-image\" data-id=\"2196e775\" data-element_type=\"widget\" data-widget_type=\"image.default\">\n\t\t\t\t<div class=\"elementor-widget-container\">\n\t\t\t\t\t\t\t\t\t\t\t\t\t\t\t<img width=\"640\" height=\"427\" src=\"https:\/\/www.fedmedcba.org.ar\/wp-content\/uploads\/Calido-termal.jpg\" class=\"attachment-large size-large\" alt=\"\" loading=\"lazy\" srcset=\"https:\/\/www.fedmedcba.org.ar\/wp-content\/uploads\/Calido-termal.jpg 1024w, https:\/\/www.fedmedcba.org.ar\/wp-content\/uploads\/Calido-termal-300x200.jpg 300w, https:\/\/www.fedmedcba.org.ar\/wp-content\/uploads\/Calido-termal-768x512.jpg 768w, https:\/\/www.fedmedcba.org.ar\/wp-content\/uploads\/Calido-termal-750x500.jpg 750w\" sizes=\"(max-width: 640px) 100vw, 640px\" \/>\t\t\t\t\t\t\t\t\t\t\t\t\t\t\t<\/div>\n\t\t\t\t<\/div>\n\t\t\t\t\t<\/div>\n\t\t<\/div>\n\t\t\t\t<div class=\"elementor-column elementor-col-50 elementor-top-column elementor-element elementor-element-6df328aa\" data-id=\"6df328aa\" data-element_type=\"column\">\n\t\t\t<div class=\"elementor-widget-wrap elementor-element-populated\">\n\t\t\t\t\t\t\t\t<div class=\"elementor-element elementor-element-4ce78333 elementor-widget elementor-widget-heading\" data-id=\"4ce78333\" data-element_type=\"widget\" data-widget_type=\"heading.default\">\n\t\t\t\t<div class=\"elementor-widget-container\">\n\t\t\t<h1 class=\"elementor-heading-title elementor-size-default\">Hotel C\u00e1lido Termal<\/h1>\t\t<\/div>\n\t\t\t\t<\/div>\n\t\t\t\t<div class=\"elementor-element elementor-element-37fed651 elementor-widget elementor-widget-text-editor\" data-id=\"37fed651\" data-element_type=\"widget\" data-widget_type=\"text-editor.default\">\n\t\t\t\t<div class=\"elementor-widget-container\">\n\t\t\t\t\t\t\t<p>Ac\u00e1 la relajaci\u00f3n es una experiencia \u00fanica. <br \/>Descubr\u00ed nuestro convenio exclusivo en C\u00e1lido Hotel Termal y sumergite en un oasis de tranquilidad en Santiago del Estero.<\/p><p>Para m\u00e1s <a href=\"https:\/\/api.whatsapp.com\/send\/?phone=543517605515&amp;text=Escrib%C3%AD+tu+consulta+ac%C3%A1...&amp;type=phone_number&amp;app_absent=0\">info.<\/a><\/p>\t\t\t\t\t\t<\/div>\n\t\t\t\t<\/div>\n\t\t\t\t\t<\/div>\n\t\t<\/div>\n\t\t\t\t\t\t\t<\/div>\n\t\t<\/section>\n\t\t\t\t<section class=\"elementor-section elementor-top-section elementor-element elementor-element-311fbd3e elementor-section-content-middle elementor-section-full_width elementor-reverse-mobile elementor-reverse-tablet elementor-section-height-default elementor-section-height-default\" data-id=\"311fbd3e\" data-element_type=\"section\" data-settings=\"{&quot;background_background&quot;:&quot;classic&quot;}\">\n\t\t\t\t\t\t<div class=\"elementor-container elementor-column-gap-no\">\n\t\t\t\t\t<div class=\"elementor-column elementor-col-50 elementor-top-column elementor-element elementor-element-129fb458\" data-id=\"129fb458\" data-element_type=\"column\">\n\t\t\t<div class=\"elementor-widget-wrap elementor-element-populated\">\n\t\t\t\t\t\t\t\t<div class=\"elementor-element elementor-element-279dd6cd elementor-widget elementor-widget-image\" data-id=\"279dd6cd\" data-element_type=\"widget\" data-widget_type=\"image.default\">\n\t\t\t\t<div class=\"elementor-widget-container\">\n\t\t\t\t\t\t\t\t\t\t\t\t\t\t\t<img width=\"512\" height=\"384\" src=\"https:\/\/www.fedmedcba.org.ar\/wp-content\/uploads\/amemop.jpg\" class=\"attachment-large size-large\" alt=\"\" loading=\"lazy\" srcset=\"https:\/\/www.fedmedcba.org.ar\/wp-content\/uploads\/amemop.jpg 512w, https:\/\/www.fedmedcba.org.ar\/wp-content\/uploads\/amemop-300x225.jpg 300w, https:\/\/www.fedmedcba.org.ar\/wp-content\/uploads\/amemop-285x214.jpg 285w\" sizes=\"(max-width: 512px) 100vw, 512px\" \/>\t\t\t\t\t\t\t\t\t\t\t\t\t\t\t<\/div>\n\t\t\t\t<\/div>\n\t\t\t\t\t<\/div>\n\t\t<\/div>\n\t\t\t\t<div class=\"elementor-column elementor-col-50 elementor-top-column elementor-element elementor-element-4f937c46\" data-id=\"4f937c46\" data-element_type=\"column\">\n\t\t\t<div class=\"elementor-widget-wrap elementor-element-populated\">\n\t\t\t\t\t\t\t\t<div class=\"elementor-element elementor-element-6de5312 elementor-widget elementor-widget-heading\" data-id=\"6de5312\" data-element_type=\"widget\" data-widget_type=\"heading.default\">\n\t\t\t\t<div class=\"elementor-widget-container\">\n\t\t\t<h1 class=\"elementor-heading-title elementor-size-default\">Hotel AMEMOP<\/h1>\t\t<\/div>\n\t\t\t\t<\/div>\n\t\t\t\t<div class=\"elementor-element elementor-element-77f2d4e1 elementor-widget elementor-widget-text-editor\" data-id=\"77f2d4e1\" data-element_type=\"widget\" data-widget_type=\"text-editor.default\">\n\t\t\t\t<div class=\"elementor-widget-container\">\n\t\t\t\t\t\t\t<p>Ac\u00e1 pod\u00e9s disfrutar del mejor descanso en Mar del Plata.\u00a0<\/p><p><span style=\"letter-spacing: 0px; word-spacing: 0em;\">Gracias a nuestro convenio con AMEMOP, pod\u00e9s descubrir una experiencia \u00fanica de confort, calidad y servicio en cada estad\u00eda.<\/span><\/p><p>Para m\u00e1s <a href=\"https:\/\/api.whatsapp.com\/send\/?phone=543517605515&amp;text=Escrib%C3%AD+tu+consulta+ac%C3%A1...&amp;type=phone_number&amp;app_absent=0\">info.<\/a><\/p>\t\t\t\t\t\t<\/div>\n\t\t\t\t<\/div>\n\t\t\t\t\t<\/div>\n\t\t<\/div>\n\t\t\t\t\t\t\t<\/div>\n\t\t<\/section>\n\t\t\t\t<section class=\"elementor-section elementor-top-section elementor-element elementor-element-908f73d elementor-section-boxed elementor-section-height-default elementor-section-height-default\" data-id=\"908f73d\" data-element_type=\"section\">\n\t\t\t\t\t\t<div class=\"elementor-container elementor-column-gap-default\">\n\t\t\t\t\t<div class=\"elementor-column elementor-col-50 elementor-top-column elementor-element elementor-element-3e8eae9\" data-id=\"3e8eae9\" data-element_type=\"column\">\n\t\t\t<div class=\"elementor-widget-wrap elementor-element-populated\">\n\t\t\t\t\t\t\t\t<div class=\"elementor-element elementor-element-80ea1b7 elementor-widget elementor-widget-image\" data-id=\"80ea1b7\" data-element_type=\"widget\" data-widget_type=\"image.default\">\n\t\t\t\t<div class=\"elementor-widget-container\">\n\t\t\t\t\t\t\t\t\t\t\t\t\t\t\t<img width=\"640\" height=\"534\" src=\"https:\/\/www.fedmedcba.org.ar\/wp-content\/uploads\/Descuentos-exclusivos-19-1024x854.jpg\" class=\"attachment-large size-large\" alt=\"\" loading=\"lazy\" srcset=\"https:\/\/www.fedmedcba.org.ar\/wp-content\/uploads\/Descuentos-exclusivos-19-1024x854.jpg 1024w, https:\/\/www.fedmedcba.org.ar\/wp-content\/uploads\/Descuentos-exclusivos-19-300x250.jpg 300w, https:\/\/www.fedmedcba.org.ar\/wp-content\/uploads\/Descuentos-exclusivos-19-768x640.jpg 768w, https:\/\/www.fedmedcba.org.ar\/wp-content\/uploads\/Descuentos-exclusivos-19.jpg 1401w\" sizes=\"(max-width: 640px) 100vw, 640px\" \/>\t\t\t\t\t\t\t\t\t\t\t\t\t\t\t<\/div>\n\t\t\t\t<\/div>\n\t\t\t\t\t<\/div>\n\t\t<\/div>\n\t\t\t\t<div class=\"elementor-column elementor-col-50 elementor-top-column elementor-element elementor-element-9112799\" data-id=\"9112799\" data-element_type=\"column\">\n\t\t\t<div class=\"elementor-widget-wrap elementor-element-populated\">\n\t\t\t\t\t\t\t\t<div class=\"elementor-element elementor-element-4bc8910 elementor-widget elementor-widget-text-editor\" data-id=\"4bc8910\" data-element_type=\"widget\" data-widget_type=\"text-editor.default\">\n\t\t\t\t<div class=\"elementor-widget-container\">\n\t\t\t\t\t\t\t<h1>21 de Septiembre<\/h1>\n<div>\n<p style=\"font-family: Poppins, sans-serif; font-style: normal; font-weight: 300; color: #324a6d;\"><span style=\"letter-spacing: 0px; word-spacing: 0em;\">Tenemos descuentos exclusivos con uniformes 21 de septiembre. Para m\u00e1s informaci\u00f3n comunicarse con nuestros canales oficiales.<\/span><\/p>\n<\/div>\n<div><span style=\"letter-spacing: 0px; word-spacing: 0em;\">\u00a0<\/span><\/div>\t\t\t\t\t\t<\/div>\n\t\t\t\t<\/div>\n\t\t\t\t\t<\/div>\n\t\t<\/div>\n\t\t\t\t\t\t\t<\/div>\n\t\t<\/section>\n\t\t\t\t\t\t\t<\/div>\n\t\t","protected":false},"excerpt":{"rendered":"<p>Convenio especial para Afiliados de la Federaci\u00f3n M\u00e9dica. \u00a0 Apart Hotel COMRA Descans\u00e1 y recuper\u00e1 como todo un profesional en la Casa del M\u00e9dico.\u00a0 Disfruta de nuestro convenio exclusivo en Apart Hotel COMRA en Buenos Aires. Para m\u00e1s info Hotel C\u00e1lido Termal Ac\u00e1 la relajaci\u00f3n es una experiencia \u00fanica. Descubr\u00ed nuestro convenio exclusivo en C\u00e1lido<a href=\"https:\/\/www.fedmedcba.org.ar\/index.php\/beneficios-de-afiliados\/\">[&#8230;]<\/a><\/p>\n","protected":false},"author":1,"featured_media":0,"parent":0,"menu_order":0,"comment_status":"closed","ping_status":"closed","template":"","meta":[],"_links":{"self":[{"href":"https:\/\/www.fedmedcba.org.ar\/index.php\/wp-json\/wp\/v2\/pages\/974"}],"collection":[{"href":"https:\/\/www.fedmedcba.org.ar\/index.php\/wp-json\/wp\/v2\/pages"}],"about":[{"href":"https:\/\/www.fedmedcba.org.ar\/index.php\/wp-json\/wp\/v2\/types\/page"}],"author":[{"embeddable":true,"href":"https:\/\/www.fedmedcba.org.ar\/index.php\/wp-json\/wp\/v2\/users\/1"}],"replies":[{"embeddable":true,"href":"https:\/\/www.fedmedcba.org.ar\/index.php\/wp-json\/wp\/v2\/comments?post=974"}],"version-history":[{"count":22,"href":"https:\/\/www.fedmedcba.org.ar\/index.php\/wp-json\/wp\/v2\/pages\/974\/revisions"}],"predecessor-version":[{"id":1041,"href":"https:\/\/www.fedmedcba.org.ar\/index.php\/wp-json\/wp\/v2\/pages\/974\/revisions\/1041"}],"wp:attachment":[{"href":"https:\/\/www.fedmedcba.org.ar\/index.php\/wp-json\/wp\/v2\/media?parent=974"}],"curies":[{"name":"wp","href":"https:\/\/api.w.org\/{rel}","templated":true}]}}